{"id":6428,"date":"2025-08-26T17:08:58","date_gmt":"2025-08-26T15:08:58","guid":{"rendered":"https:\/\/puntassa.com\/declaracio-daccessibilitat\/"},"modified":"2025-09-09T13:27:27","modified_gmt":"2025-09-09T11:27:27","slug":"declaracion-de-accesibilida","status":"publish","type":"page","link":"https:\/\/puntassa.com\/es\/declaracion-de-accesibilida\/","title":{"rendered":"Accesibilidad"},"content":{"rendered":"\t\t<div data-elementor-type=\"wp-page\" data-elementor-id=\"6428\" class=\"elementor elementor-6428 elementor-6096\" data-elementor-post-type=\"page\">\n\t\t\t\t<div class=\"elementor-element elementor-element-43da8cc e-flex e-con-boxed e-con e-parent\" data-id=\"43da8cc\" data-element_type=\"container\">\n\t\t\t\t\t<div class=\"e-con-inner\">\n\t\t\t\t<div class=\"elementor-element elementor-element-c87b92f elementor-widget elementor-widget-heading\" data-id=\"c87b92f\" data-element_type=\"widget\" data-widget_type=\"heading.default\">\n\t\t\t\t\t<h1 class=\"elementor-heading-title elementor-size-default\">Declaraci\u00f3n de accesibilidad<\/h1>\t\t\t\t<\/div>\n\t\t\t\t<div class=\"elementor-element elementor-element-86b10e1 elementor-widget elementor-widget-text-editor\" data-id=\"86b10e1\" data-element_type=\"widget\" data-widget_type=\"text-editor.default\">\n\t\t\t\t\t\t\t\t\t<p>PUNTAS SA apuesta por asegurar la accesibilidad digital de las personas con discapacidad. Estamos mejorando continuamente la experiencia de usuario para todos y procurando aplicar los est\u00e1ndares de accesibilidad m\u00e1s relevantes. Este compromiso tambi\u00e9n lo hacemos de acuerdo con el <a href=\"https:\/\/www.boe.es\/buscar\/act.php?id=BOE-A-2018-12699\">Real Decreto 1112\/2018<\/a>, de 7 de septiembre, relativo a la accesibilidad de sitios web y aplicaciones para dispositivos m\u00f3viles.<\/p><p><b>Estado de cumplimiento<\/b><br \/>Las <a href=\"https:\/\/www.w3.org\/WAI\/standards-guidelines\/wcag\/\">Directrices de accesibilidad al contenido web (WCAG) 2.1<\/a> definen los requisitos para los dise\u00f1adores y desarrolladores para mejorar la accesibilidad de las personas con discapacidad. Estas directrices definen tres niveles de conformidad: Nivel A, Nivel AA y Nivel AAA. El sitio web es parcialmente conforme con el nivel AA de WCAG 2.1. Esto significa que algunas partes del contenido no se ajustan completamente al est\u00e1ndar de accesibilidad.<\/p><p><strong>Funciones de accesibilidad<\/strong><\/p><ul><li>Las p\u00e1ginas est\u00e1n estructuradas con elementos sem\u00e1nticos como la cabecera (header), la navegaci\u00f3n (navigation), el contenido principal (main) y el pie de p\u00e1gina (footer), lo que le puede ayudar a moverse m\u00e1s r\u00e1pidamente entre los diversos elementos.<\/li><li>Los encabezados de nivel 1 marcan el \u00e1rea de contenido principal de cada p\u00e1gina y a partir de ah\u00ed la estructura de cada p\u00e1gina deber\u00eda seguir un orden de encabezados l\u00f3gico.<\/li><li>Cada p\u00e1gina de este sitio web tiene enlaces de \u201csaltar al contenido\u201d y \u201csaltar al men\u00fa\u201d en la parte superior y un enlace de \u201cvolver a empezar\u201d en la parte inferior.<\/li><li>Las im\u00e1genes se describen con equivalentes de texto (ALT) para garantizar que todos puedan acceder al contenido gr\u00e1fico.<\/li><li>Usted debe poder ampliar cada p\u00e1gina hasta un 300% sin ning\u00fan problema.<\/li><li>Los colores de este sitio web se han escogido en cada p\u00e1gina para garantizar un contraste de color suficiente.<\/li><li>Todos los componentes de este sitio web son accesibles mediante el rat\u00f3n, el teclado o el tacto.<\/li><li>Para garantizar que el sitio web se pueda utilizar mediante teclados, hemos a\u00f1adido estilos de foco a im\u00e1genes, enlaces, formularios y otros elementos enfocables.<\/li><li>Este sitio web se ha testado en navegadores y dispositivos modernos y antiguos, adem\u00e1s de herramientas de evaluaci\u00f3n de accesibilidad como <a href=\"https:\/\/wave.webaim.org\/\">WAVE<\/a>,\u00a0<a href=\"https:\/\/accessibilityinsights.io\/en\/\">Accessibility Insights<\/a> y el lector de pantalla <a href=\"https:\/\/www.chromevox.com\/\">ChromeVox<\/a>.<\/li><\/ul><p><strong><br \/>Contenido no accessible<\/strong><br \/>Sabemos que algunas partes de este sitio web no son del todo accesibles:<\/p><p>A veces, incrustamos soportes de audio o v\u00eddeo en nuestras p\u00e1ginas que quiz\u00e1s no se describen adecuadamente.<br \/>Si encuentra soportes o elementos confusos, puede enviarnos un correo electr\u00f3nico y hac\u00e9rnoslo saber.<\/p><p>Tambi\u00e9n sabemos que la mayor\u00eda de documentos PDF antiguos no son totalmente accesibles al software de lector de pantalla.<\/p><p><strong>Feedback<\/strong><br \/>Agradecemos sus comentarios sobre la accesibilidad de nuestra web. Inf\u00f3rmenos si encuentra barreras de accesibilidad en este sitio web:<\/p><p>E-mail: <a href=\"mailto:espaislespuntes@puntassa.com\">espaislespuntes@puntassa.com<\/a><br \/>Esta declaraci\u00f3n se cre\u00f3 el 27 de agosto de 2025.<\/p>\t\t\t\t\t\t\t\t<\/div>\n\t\t\t\t\t<\/div>\n\t\t\t\t<\/div>\n\t\t\t\t<\/div>\n\t\t","protected":false},"excerpt":{"rendered":"<p>Declaraci\u00f3n de accesibilidad PUNTAS SA apuesta por asegurar la accesibilidad digital de las personas con discapacidad. Estamos mejorando continuamente la experiencia de usuario para todos y procurando aplicar los est\u00e1ndares de accesibilidad m\u00e1s relevantes. Este compromiso tambi\u00e9n lo hacemos de acuerdo con el Real Decreto 1112\/2018, de 7 de septiembre, relativo a la accesibilidad de [&hellip;]<\/p>\n","protected":false},"author":1,"featured_media":0,"parent":0,"menu_order":0,"comment_status":"closed","ping_status":"closed","template":"","meta":{"footnotes":""},"class_list":["post-6428","page","type-page","status-publish","hentry"],"yoast_head":"<!-- This site is optimized with the Yoast SEO plugin v26.0 - https:\/\/yoast.com\/wordpress\/plugins\/seo\/ -->\n<title>Declaraci\u00f3n de accesibilidad - Trasters les Puntes<\/title>\n<meta name=\"description\" content=\"P\u00e1gina de la declaraci\u00f3n de accesibilidad del sitio web de Trasters Les Puntes.\" \/>\n<meta name=\"robots\" content=\"index, follow, max-snippet:-1, max-image-preview:large, max-video-preview:-1\" \/>\n<link rel=\"canonical\" href=\"https:\/\/puntassa.com\/es\/declaracion-de-accesibilida\/\" \/>\n<meta property=\"og:locale\" content=\"es_ES\" \/>\n<meta property=\"og:type\" content=\"article\" \/>\n<meta property=\"og:title\" content=\"Declaraci\u00f3n de accesibilidad - Trasters les Puntes\" \/>\n<meta property=\"og:description\" content=\"P\u00e1gina de la declaraci\u00f3n de accesibilidad del sitio web de Trasters Les Puntes.\" \/>\n<meta property=\"og:url\" content=\"https:\/\/puntassa.com\/es\/declaracion-de-accesibilida\/\" \/>\n<meta property=\"og:site_name\" content=\"Trasters les Puntes\" \/>\n<meta property=\"article:modified_time\" content=\"2025-09-09T11:27:27+00:00\" \/>\n<meta property=\"og:image\" content=\"https:\/\/puntassa.com\/wp-content\/uploads\/2025\/08\/logo-header.png\" \/>\n\t<meta property=\"og:image:width\" content=\"217\" \/>\n\t<meta property=\"og:image:height\" content=\"59\" \/>\n\t<meta property=\"og:image:type\" content=\"image\/png\" \/>\n<meta name=\"twitter:card\" content=\"summary_large_image\" \/>\n<meta name=\"twitter:label1\" content=\"Tiempo de lectura\" \/>\n\t<meta name=\"twitter:data1\" content=\"3 minutos\" \/>\n<script type=\"application\/ld+json\" class=\"yoast-schema-graph\">{\"@context\":\"https:\/\/schema.org\",\"@graph\":[{\"@type\":\"WebPage\",\"@id\":\"https:\/\/puntassa.com\/es\/declaracion-de-accesibilida\/\",\"url\":\"https:\/\/puntassa.com\/es\/declaracion-de-accesibilida\/\",\"name\":\"Declaraci\u00f3n de accesibilidad - Trasters les Puntes\",\"isPartOf\":{\"@id\":\"https:\/\/puntassa.com\/es\/#website\"},\"datePublished\":\"2025-08-26T15:08:58+00:00\",\"dateModified\":\"2025-09-09T11:27:27+00:00\",\"description\":\"P\u00e1gina de la declaraci\u00f3n de accesibilidad del sitio web de Trasters Les Puntes.\",\"breadcrumb\":{\"@id\":\"https:\/\/puntassa.com\/es\/declaracion-de-accesibilida\/#breadcrumb\"},\"inLanguage\":\"es\",\"potentialAction\":[{\"@type\":\"ReadAction\",\"target\":[\"https:\/\/puntassa.com\/es\/declaracion-de-accesibilida\/\"]}]},{\"@type\":\"BreadcrumbList\",\"@id\":\"https:\/\/puntassa.com\/es\/declaracion-de-accesibilida\/#breadcrumb\",\"itemListElement\":[{\"@type\":\"ListItem\",\"position\":1,\"name\":\"Inici\",\"item\":\"https:\/\/puntassa.com\/es\/\"},{\"@type\":\"ListItem\",\"position\":2,\"name\":\"Accesibilidad\"}]},{\"@type\":\"WebSite\",\"@id\":\"https:\/\/puntassa.com\/es\/#website\",\"url\":\"https:\/\/puntassa.com\/es\/\",\"name\":\"Trasters Les Puntes\",\"description\":\"El teu espai\",\"publisher\":{\"@id\":\"https:\/\/puntassa.com\/es\/#organization\"},\"alternateName\":\"Trasters Les Puntes\",\"potentialAction\":[{\"@type\":\"SearchAction\",\"target\":{\"@type\":\"EntryPoint\",\"urlTemplate\":\"https:\/\/puntassa.com\/es\/?s={search_term_string}\"},\"query-input\":{\"@type\":\"PropertyValueSpecification\",\"valueRequired\":true,\"valueName\":\"search_term_string\"}}],\"inLanguage\":\"es\"},{\"@type\":\"Organization\",\"@id\":\"https:\/\/puntassa.com\/es\/#organization\",\"name\":\"Trasters Les Puntes\",\"alternateName\":\"Trasters Les Puntes\",\"url\":\"https:\/\/puntassa.com\/es\/\",\"logo\":{\"@type\":\"ImageObject\",\"inLanguage\":\"es\",\"@id\":\"https:\/\/puntassa.com\/es\/#\/schema\/logo\/image\/\",\"url\":\"https:\/\/puntassa.com\/wp-content\/uploads\/2025\/08\/logo-header.png\",\"contentUrl\":\"https:\/\/puntassa.com\/wp-content\/uploads\/2025\/08\/logo-header.png\",\"width\":217,\"height\":59,\"caption\":\"Trasters Les Puntes\"},\"image\":{\"@id\":\"https:\/\/puntassa.com\/es\/#\/schema\/logo\/image\/\"}}]}<\/script>\n<!-- \/ Yoast SEO plugin. -->","yoast_head_json":{"title":"Declaraci\u00f3n de accesibilidad - Trasters les Puntes","description":"P\u00e1gina de la declaraci\u00f3n de accesibilidad del sitio web de Trasters Les Puntes.","robots":{"index":"index","follow":"follow","max-snippet":"max-snippet:-1","max-image-preview":"max-image-preview:large","max-video-preview":"max-video-preview:-1"},"canonical":"https:\/\/puntassa.com\/es\/declaracion-de-accesibilida\/","og_locale":"es_ES","og_type":"article","og_title":"Declaraci\u00f3n de accesibilidad - Trasters les Puntes","og_description":"P\u00e1gina de la declaraci\u00f3n de accesibilidad del sitio web de Trasters Les Puntes.","og_url":"https:\/\/puntassa.com\/es\/declaracion-de-accesibilida\/","og_site_name":"Trasters les Puntes","article_modified_time":"2025-09-09T11:27:27+00:00","og_image":[{"width":217,"height":59,"url":"https:\/\/puntassa.com\/wp-content\/uploads\/2025\/08\/logo-header.png","type":"image\/png"}],"twitter_card":"summary_large_image","twitter_misc":{"Tiempo de lectura":"3 minutos"},"schema":{"@context":"https:\/\/schema.org","@graph":[{"@type":"WebPage","@id":"https:\/\/puntassa.com\/es\/declaracion-de-accesibilida\/","url":"https:\/\/puntassa.com\/es\/declaracion-de-accesibilida\/","name":"Declaraci\u00f3n de accesibilidad - Trasters les Puntes","isPartOf":{"@id":"https:\/\/puntassa.com\/es\/#website"},"datePublished":"2025-08-26T15:08:58+00:00","dateModified":"2025-09-09T11:27:27+00:00","description":"P\u00e1gina de la declaraci\u00f3n de accesibilidad del sitio web de Trasters Les Puntes.","breadcrumb":{"@id":"https:\/\/puntassa.com\/es\/declaracion-de-accesibilida\/#breadcrumb"},"inLanguage":"es","potentialAction":[{"@type":"ReadAction","target":["https:\/\/puntassa.com\/es\/declaracion-de-accesibilida\/"]}]},{"@type":"BreadcrumbList","@id":"https:\/\/puntassa.com\/es\/declaracion-de-accesibilida\/#breadcrumb","itemListElement":[{"@type":"ListItem","position":1,"name":"Inici","item":"https:\/\/puntassa.com\/es\/"},{"@type":"ListItem","position":2,"name":"Accesibilidad"}]},{"@type":"WebSite","@id":"https:\/\/puntassa.com\/es\/#website","url":"https:\/\/puntassa.com\/es\/","name":"Trasters Les Puntes","description":"El teu espai","publisher":{"@id":"https:\/\/puntassa.com\/es\/#organization"},"alternateName":"Trasters Les Puntes","potentialAction":[{"@type":"SearchAction","target":{"@type":"EntryPoint","urlTemplate":"https:\/\/puntassa.com\/es\/?s={search_term_string}"},"query-input":{"@type":"PropertyValueSpecification","valueRequired":true,"valueName":"search_term_string"}}],"inLanguage":"es"},{"@type":"Organization","@id":"https:\/\/puntassa.com\/es\/#organization","name":"Trasters Les Puntes","alternateName":"Trasters Les Puntes","url":"https:\/\/puntassa.com\/es\/","logo":{"@type":"ImageObject","inLanguage":"es","@id":"https:\/\/puntassa.com\/es\/#\/schema\/logo\/image\/","url":"https:\/\/puntassa.com\/wp-content\/uploads\/2025\/08\/logo-header.png","contentUrl":"https:\/\/puntassa.com\/wp-content\/uploads\/2025\/08\/logo-header.png","width":217,"height":59,"caption":"Trasters Les Puntes"},"image":{"@id":"https:\/\/puntassa.com\/es\/#\/schema\/logo\/image\/"}}]}},"_links":{"self":[{"href":"https:\/\/puntassa.com\/es\/wp-json\/wp\/v2\/pages\/6428","targetHints":{"allow":["GET"]}}],"collection":[{"href":"https:\/\/puntassa.com\/es\/wp-json\/wp\/v2\/pages"}],"about":[{"href":"https:\/\/puntassa.com\/es\/wp-json\/wp\/v2\/types\/page"}],"author":[{"embeddable":true,"href":"https:\/\/puntassa.com\/es\/wp-json\/wp\/v2\/users\/1"}],"replies":[{"embeddable":true,"href":"https:\/\/puntassa.com\/es\/wp-json\/wp\/v2\/comments?post=6428"}],"version-history":[{"count":7,"href":"https:\/\/puntassa.com\/es\/wp-json\/wp\/v2\/pages\/6428\/revisions"}],"predecessor-version":[{"id":6546,"href":"https:\/\/puntassa.com\/es\/wp-json\/wp\/v2\/pages\/6428\/revisions\/6546"}],"wp:attachment":[{"href":"https:\/\/puntassa.com\/es\/wp-json\/wp\/v2\/media?parent=6428"}],"curies":[{"name":"wp","href":"https:\/\/api.w.org\/{rel}","templated":true}]}}