{"id":6468,"date":"2025-08-26T17:05:56","date_gmt":"2025-08-26T15:05:56","guid":{"rendered":"https:\/\/puntassa.com\/avis-legal\/"},"modified":"2025-09-04T11:39:55","modified_gmt":"2025-09-04T09:39:55","slug":"aviso-legal","status":"publish","type":"page","link":"https:\/\/puntassa.com\/es\/aviso-legal\/","title":{"rendered":"Aviso legal"},"content":{"rendered":"\t\t<div data-elementor-type=\"wp-page\" data-elementor-id=\"6468\" class=\"elementor elementor-6468 elementor-6047\" data-elementor-post-type=\"page\">\n\t\t\t\t<div class=\"elementor-element elementor-element-7973b8d e-flex e-con-boxed e-con e-parent\" data-id=\"7973b8d\" data-element_type=\"container\">\n\t\t\t\t\t<div class=\"e-con-inner\">\n\t\t\t\t<div class=\"elementor-element elementor-element-6d93144 elementor-widget elementor-widget-heading\" data-id=\"6d93144\" data-element_type=\"widget\" data-widget_type=\"heading.default\">\n\t\t\t\t\t<h1 class=\"elementor-heading-title elementor-size-default\">Aviso legal<\/h1>\t\t\t\t<\/div>\n\t\t\t\t<div class=\"elementor-element elementor-element-7c5702d elementor-widget elementor-widget-text-editor\" data-id=\"7c5702d\" data-element_type=\"widget\" data-widget_type=\"text-editor.default\">\n\t\t\t\t\t\t\t\t\t<p>En cumplimiento de la Ley 34\/2002, de 11 de julio, de Servicios de la Sociedad de la Informaci\u00f3n y de Comercio Electr\u00f3nico (LSSI-CE), PUNTAS SA informa que es titular del sitio web https:\/\/puntassa.com. De acuerdo con la exigencia del art\u00edculo 10 de la citada Ley, PUNTAS SA informa de los siguientes datos:<br \/>El titular de este sitio web es PUNTAS SA, con CIF A08565715<\/p><p><strong>Usuario y r\u00e9gimen de responsabilidades<\/strong><\/p><p>La navegaci\u00f3n, acceso y uso por el sitio web de PUNTAS SA confiere la condici\u00f3n de usuario, por la cual se aceptan, desde la navegaci\u00f3n por el sitio web de PUNTAS SA, todas las condiciones de uso aqu\u00ed establecidas sin perjuicio de la aplicaci\u00f3n de la correspondiente normativa de obligado cumplimiento legal seg\u00fan el caso.<\/p><p>El sitio web de PUNTAS SA proporciona gran diversidad de informaci\u00f3n, servicios y datos. El usuario asume su responsabilidad en el uso correcto del sitio web. Esta responsabilidad se extender\u00e1 a:<\/p><ul><li>La veracidad y licitud de las informaciones aportadas por el usuario en los formularios extendidos por PUNTAS SA para el acceso a ciertos contenidos o servicios ofrecidos por la web.<\/li><li>El uso de la informaci\u00f3n, servicios y datos ofrecidos por PUNTAS SA contrariamente a lo dispuesto por las presentes condiciones, la Ley, la moral, las buenas costumbres o el orden p\u00fablico, o que de cualquier otra manera puedan suponer lesi\u00f3n de los derechos de terceros o del mismo funcionamiento del sitio web.<\/li><\/ul><p><strong>Pol\u00edtica de enlaces y exenciones de responsabilidad<\/strong><\/p><p>PUNTAS SA no se hace responsable del contenido de los sitios web a los que el usuario pueda acceder a trav\u00e9s de los enlaces establecidos en su sitio web y declara que en ning\u00fan caso proceder\u00e1 a examinar o ejercitar ning\u00fan tipo de control sobre el contenido de otros sitios de la red. Asimismo, tampoco garantizar\u00e1 la disponibilidad t\u00e9cnica, exactitud, veracidad, validez o legalidad de sitios ajenos a su propiedad a los que se pueda acceder por medio de los enlaces.<\/p><p>PUNTAS SA declara haber adoptado todas las medidas necesarias para evitar cualquier da\u00f1o a los usuarios de su sitio web, que pudieran derivarse de la navegaci\u00f3n por su sitio web. En consecuencia, PUNTAS SA no se hace responsable, en ning\u00fan caso, de los eventuales da\u00f1os que por la navegaci\u00f3n por Internet pudiera sufrir el usuario.<\/p><p><strong>Modificaciones<\/strong><\/p><p>PUNTAS SA se reserva el derecho a realizar las modificaciones que considere oportunas, sin aviso previo, en el contenido de su sitio web. Tanto en lo referente a los contenidos del sitio web, como en las condiciones de uso del mismo.<\/p><p>Estas modificaciones podr\u00e1n realizarse a trav\u00e9s de su sitio web por cualquier forma admisible en derecho y ser\u00e1n de obligado cumplimiento durante el tiempo en que se encuentren publicadas en la web y hasta que no sean modificadas v\u00e1lidamente por otras posteriores.<\/p><p><strong>Protecci\u00f3n de datos<\/strong><\/p><p>De conformidad con lo establecido en la normativa vigente en Protecci\u00f3n de Datos de Car\u00e1cter Personal, le informamos que sus datos ser\u00e1n incorporados al sistema de tratamiento titularidad de PUNTAS SA, con la finalidad de poder facilitar, agilitar y cumplir los compromisos establecidos entre ambas partes. En cumplimiento con la normativa vigente, PUNTAS SA informa que los datos ser\u00e1n conservados durante el plazo estrictamente necesario para cumplir con los preceptos mencionados con anterioridad.<\/p><p>Le informamos que el tratamiento de sus datos est\u00e1 legitimado por su consentimiento.<\/p><p>PUNTAS SA informa que proceder\u00e1 a tratar los datos de manera l\u00edcita, leal, transparente, adecuada, pertinente, limitada, exacta y actualizada. Es por ello que PUNTAS SA se compromete a adoptar todas las medidas razonables para que estos se supriman o rectifiquen sin dilaci\u00f3n cuando sean inexactos.<\/p><p>De acuerdo con los derechos que le confiere la normativa vigente en protecci\u00f3n de datos podr\u00e1 ejercer los derechos de acceso, rectificaci\u00f3n, limitaci\u00f3n de tratamiento, supresi\u00f3n, portabilidad y oposici\u00f3n al tratamiento de sus datos de car\u00e1cter personal as\u00ed como del consentimiento prestado para el tratamiento de estos, dirigiendo su petici\u00f3n a la direcci\u00f3n postal indicada m\u00e1s arriba o al correo electr\u00f3nico <a href=\"mailto:espaislespuntes@puntassa.com\">espaislespuntes@puntassa.com<\/a><\/p><p>Podr\u00e1 dirigirse a la Autoridad de Control competente para presentar la reclamaci\u00f3n que considere oportuna.<\/p><p><strong>Propiedad intelectual e industrial<\/strong><\/p><p>PUNTAS SA por s\u00ed misma o como cesionaria, es titular de todos los derechos de propiedad intelectual e industrial de su p\u00e1gina web, as\u00ed como de los elementos contenidos en la misma (a t\u00edtulo enunciativo, im\u00e1genes, sonido, audio, v\u00eddeo, software o textos; marcas o logotipos, combinaciones de colores, estructura y dise\u00f1o, selecci\u00f3n de materiales usados, programas de ordenador necesarios para su funcionamiento, acceso y uso, etc.), titularidad de PUNTAS SA.<\/p><p>Ser\u00e1n, por consiguiente, obras protegidas como propiedad intelectual por el ordenamiento jur\u00eddico espa\u00f1ol, siendo aplicables tanto la normativa espa\u00f1ola y comunitaria en este campo, como los tratados internacionales relativos a la materia y suscritos por Espa\u00f1a.<\/p><p>Todos los derechos reservados. En virtud de lo dispuesto en la Ley de Propiedad Intelectual, quedan expresamente prohibidas la reproducci\u00f3n, la distribuci\u00f3n y la comunicaci\u00f3n p\u00fablica, incluida su modalidad de puesta a disposici\u00f3n, de la totalidad o parte de los contenidos de esta p\u00e1gina web, con fines comerciales, en cualquier soporte y por cualquier medio t\u00e9cnico, sin la autorizaci\u00f3n de PUNTAS SA.<\/p><p>El usuario se compromete a respetar los derechos de Propiedad Intelectual e Industrial titularidad de PUNTAS SA. Podr\u00e1 visualizar los elementos del portal e incluso imprimirlos, copiarlos y almacenarlos en el disco duro de su ordenador o en cualquier otro soporte f\u00edsico siempre que sea, \u00fanica y exclusivamente, para su uso personal y privado. El usuario deber\u00e1 abstenerse de suprimir, alterar, eludir o manipular cualquier dispositivo de protecci\u00f3n o sistema de seguridad que estuviera instalado en las p\u00e1ginas de PUNTAS SA.<\/p><p><strong>Acciones legales, legislaci\u00f3n aplicable y jurisdicci\u00f3n<\/strong><\/p><p>PUNTAS SA se reserva, asimismo, la facultad de presentar las acciones civiles o penales que considere oportunas por la utilizaci\u00f3n indebida de su sitio web y contenidos, o por el incumplimiento de las presentes condiciones.<\/p><p>La relaci\u00f3n entre el usuario y el prestador se regir\u00e1 por la normativa vigente y de aplicaci\u00f3n en el territorio espa\u00f1ol. De surgir cualquier controversia las partes podr\u00e1n someter sus conflictos a arbitraje o acudir a la jurisdicci\u00f3n ordinaria cumpliendo con las normas sobre jurisdicci\u00f3n y competencia sobre este tema. PUNTAS SA tiene su domicilio en BARCELONA, Espa\u00f1a.<\/p>\t\t\t\t\t\t\t\t<\/div>\n\t\t\t\t\t<\/div>\n\t\t\t\t<\/div>\n\t\t\t\t<\/div>\n\t\t","protected":false},"excerpt":{"rendered":"<p>Aviso legal En cumplimiento de la Ley 34\/2002, de 11 de julio, de Servicios de la Sociedad de la Informaci\u00f3n y de Comercio Electr\u00f3nico (LSSI-CE), PUNTAS SA informa que es titular del sitio web https:\/\/puntassa.com. De acuerdo con la exigencia del art\u00edculo 10 de la citada Ley, PUNTAS SA informa de los siguientes datos:El titular [&hellip;]<\/p>\n","protected":false},"author":1,"featured_media":0,"parent":0,"menu_order":0,"comment_status":"closed","ping_status":"closed","template":"","meta":{"footnotes":""},"class_list":["post-6468","page","type-page","status-publish","hentry"],"yoast_head":"<!-- This site is optimized with the Yoast SEO plugin v26.0 - https:\/\/yoast.com\/wordpress\/plugins\/seo\/ -->\n<title>Aviso legal - Trasters les Puntes<\/title>\n<meta name=\"description\" content=\"P\u00e1gina del aviso legal del sitio web de Trasters Les Puntes.\" \/>\n<meta name=\"robots\" content=\"index, follow, max-snippet:-1, max-image-preview:large, max-video-preview:-1\" \/>\n<link rel=\"canonical\" href=\"https:\/\/puntassa.com\/es\/aviso-legal\/\" \/>\n<meta property=\"og:locale\" content=\"es_ES\" \/>\n<meta property=\"og:type\" content=\"article\" \/>\n<meta property=\"og:title\" content=\"Aviso legal - Trasters les Puntes\" \/>\n<meta property=\"og:description\" content=\"P\u00e1gina del aviso legal del sitio web de Trasters Les Puntes.\" \/>\n<meta property=\"og:url\" content=\"https:\/\/puntassa.com\/es\/aviso-legal\/\" \/>\n<meta property=\"og:site_name\" content=\"Trasters les Puntes\" \/>\n<meta property=\"article:modified_time\" content=\"2025-09-04T09:39:55+00:00\" \/>\n<meta property=\"og:image\" content=\"https:\/\/puntassa.com\/wp-content\/uploads\/2025\/08\/logo-header.png\" \/>\n\t<meta property=\"og:image:width\" content=\"217\" \/>\n\t<meta property=\"og:image:height\" content=\"59\" \/>\n\t<meta property=\"og:image:type\" content=\"image\/png\" \/>\n<meta name=\"twitter:card\" content=\"summary_large_image\" \/>\n<meta name=\"twitter:label1\" content=\"Tiempo de lectura\" \/>\n\t<meta name=\"twitter:data1\" content=\"5 minutos\" \/>\n<script type=\"application\/ld+json\" class=\"yoast-schema-graph\">{\"@context\":\"https:\/\/schema.org\",\"@graph\":[{\"@type\":\"WebPage\",\"@id\":\"https:\/\/puntassa.com\/es\/aviso-legal\/\",\"url\":\"https:\/\/puntassa.com\/es\/aviso-legal\/\",\"name\":\"Aviso legal - Trasters les Puntes\",\"isPartOf\":{\"@id\":\"https:\/\/puntassa.com\/es\/#website\"},\"datePublished\":\"2025-08-26T15:05:56+00:00\",\"dateModified\":\"2025-09-04T09:39:55+00:00\",\"description\":\"P\u00e1gina del aviso legal del sitio web de Trasters Les Puntes.\",\"breadcrumb\":{\"@id\":\"https:\/\/puntassa.com\/es\/aviso-legal\/#breadcrumb\"},\"inLanguage\":\"es\",\"potentialAction\":[{\"@type\":\"ReadAction\",\"target\":[\"https:\/\/puntassa.com\/es\/aviso-legal\/\"]}]},{\"@type\":\"BreadcrumbList\",\"@id\":\"https:\/\/puntassa.com\/es\/aviso-legal\/#breadcrumb\",\"itemListElement\":[{\"@type\":\"ListItem\",\"position\":1,\"name\":\"Inici\",\"item\":\"https:\/\/puntassa.com\/es\/\"},{\"@type\":\"ListItem\",\"position\":2,\"name\":\"Aviso legal\"}]},{\"@type\":\"WebSite\",\"@id\":\"https:\/\/puntassa.com\/es\/#website\",\"url\":\"https:\/\/puntassa.com\/es\/\",\"name\":\"Trasters Les Puntes\",\"description\":\"El teu espai\",\"publisher\":{\"@id\":\"https:\/\/puntassa.com\/es\/#organization\"},\"alternateName\":\"Trasters Les Puntes\",\"potentialAction\":[{\"@type\":\"SearchAction\",\"target\":{\"@type\":\"EntryPoint\",\"urlTemplate\":\"https:\/\/puntassa.com\/es\/?s={search_term_string}\"},\"query-input\":{\"@type\":\"PropertyValueSpecification\",\"valueRequired\":true,\"valueName\":\"search_term_string\"}}],\"inLanguage\":\"es\"},{\"@type\":\"Organization\",\"@id\":\"https:\/\/puntassa.com\/es\/#organization\",\"name\":\"Trasters Les Puntes\",\"alternateName\":\"Trasters Les Puntes\",\"url\":\"https:\/\/puntassa.com\/es\/\",\"logo\":{\"@type\":\"ImageObject\",\"inLanguage\":\"es\",\"@id\":\"https:\/\/puntassa.com\/es\/#\/schema\/logo\/image\/\",\"url\":\"https:\/\/puntassa.com\/wp-content\/uploads\/2025\/08\/logo-header.png\",\"contentUrl\":\"https:\/\/puntassa.com\/wp-content\/uploads\/2025\/08\/logo-header.png\",\"width\":217,\"height\":59,\"caption\":\"Trasters Les Puntes\"},\"image\":{\"@id\":\"https:\/\/puntassa.com\/es\/#\/schema\/logo\/image\/\"}}]}<\/script>\n<!-- \/ Yoast SEO plugin. -->","yoast_head_json":{"title":"Aviso legal - Trasters les Puntes","description":"P\u00e1gina del aviso legal del sitio web de Trasters Les Puntes.","robots":{"index":"index","follow":"follow","max-snippet":"max-snippet:-1","max-image-preview":"max-image-preview:large","max-video-preview":"max-video-preview:-1"},"canonical":"https:\/\/puntassa.com\/es\/aviso-legal\/","og_locale":"es_ES","og_type":"article","og_title":"Aviso legal - Trasters les Puntes","og_description":"P\u00e1gina del aviso legal del sitio web de Trasters Les Puntes.","og_url":"https:\/\/puntassa.com\/es\/aviso-legal\/","og_site_name":"Trasters les Puntes","article_modified_time":"2025-09-04T09:39:55+00:00","og_image":[{"width":217,"height":59,"url":"https:\/\/puntassa.com\/wp-content\/uploads\/2025\/08\/logo-header.png","type":"image\/png"}],"twitter_card":"summary_large_image","twitter_misc":{"Tiempo de lectura":"5 minutos"},"schema":{"@context":"https:\/\/schema.org","@graph":[{"@type":"WebPage","@id":"https:\/\/puntassa.com\/es\/aviso-legal\/","url":"https:\/\/puntassa.com\/es\/aviso-legal\/","name":"Aviso legal - Trasters les Puntes","isPartOf":{"@id":"https:\/\/puntassa.com\/es\/#website"},"datePublished":"2025-08-26T15:05:56+00:00","dateModified":"2025-09-04T09:39:55+00:00","description":"P\u00e1gina del aviso legal del sitio web de Trasters Les Puntes.","breadcrumb":{"@id":"https:\/\/puntassa.com\/es\/aviso-legal\/#breadcrumb"},"inLanguage":"es","potentialAction":[{"@type":"ReadAction","target":["https:\/\/puntassa.com\/es\/aviso-legal\/"]}]},{"@type":"BreadcrumbList","@id":"https:\/\/puntassa.com\/es\/aviso-legal\/#breadcrumb","itemListElement":[{"@type":"ListItem","position":1,"name":"Inici","item":"https:\/\/puntassa.com\/es\/"},{"@type":"ListItem","position":2,"name":"Aviso legal"}]},{"@type":"WebSite","@id":"https:\/\/puntassa.com\/es\/#website","url":"https:\/\/puntassa.com\/es\/","name":"Trasters Les Puntes","description":"El teu espai","publisher":{"@id":"https:\/\/puntassa.com\/es\/#organization"},"alternateName":"Trasters Les Puntes","potentialAction":[{"@type":"SearchAction","target":{"@type":"EntryPoint","urlTemplate":"https:\/\/puntassa.com\/es\/?s={search_term_string}"},"query-input":{"@type":"PropertyValueSpecification","valueRequired":true,"valueName":"search_term_string"}}],"inLanguage":"es"},{"@type":"Organization","@id":"https:\/\/puntassa.com\/es\/#organization","name":"Trasters Les Puntes","alternateName":"Trasters Les Puntes","url":"https:\/\/puntassa.com\/es\/","logo":{"@type":"ImageObject","inLanguage":"es","@id":"https:\/\/puntassa.com\/es\/#\/schema\/logo\/image\/","url":"https:\/\/puntassa.com\/wp-content\/uploads\/2025\/08\/logo-header.png","contentUrl":"https:\/\/puntassa.com\/wp-content\/uploads\/2025\/08\/logo-header.png","width":217,"height":59,"caption":"Trasters Les Puntes"},"image":{"@id":"https:\/\/puntassa.com\/es\/#\/schema\/logo\/image\/"}}]}},"_links":{"self":[{"href":"https:\/\/puntassa.com\/es\/wp-json\/wp\/v2\/pages\/6468","targetHints":{"allow":["GET"]}}],"collection":[{"href":"https:\/\/puntassa.com\/es\/wp-json\/wp\/v2\/pages"}],"about":[{"href":"https:\/\/puntassa.com\/es\/wp-json\/wp\/v2\/types\/page"}],"author":[{"embeddable":true,"href":"https:\/\/puntassa.com\/es\/wp-json\/wp\/v2\/users\/1"}],"replies":[{"embeddable":true,"href":"https:\/\/puntassa.com\/es\/wp-json\/wp\/v2\/comments?post=6468"}],"version-history":[{"count":4,"href":"https:\/\/puntassa.com\/es\/wp-json\/wp\/v2\/pages\/6468\/revisions"}],"predecessor-version":[{"id":6472,"href":"https:\/\/puntassa.com\/es\/wp-json\/wp\/v2\/pages\/6468\/revisions\/6472"}],"wp:attachment":[{"href":"https:\/\/puntassa.com\/es\/wp-json\/wp\/v2\/media?parent=6468"}],"curies":[{"name":"wp","href":"https:\/\/api.w.org\/{rel}","templated":true}]}}