{"id":6488,"date":"2025-08-26T17:06:30","date_gmt":"2025-08-26T15:06:30","guid":{"rendered":"https:\/\/puntassa.com\/politica-de-cookies\/"},"modified":"2025-09-04T12:16:15","modified_gmt":"2025-09-04T10:16:15","slug":"politica-de-cookies","status":"publish","type":"page","link":"https:\/\/puntassa.com\/es\/politica-de-cookies\/","title":{"rendered":"Pol\u00edtica de cookies"},"content":{"rendered":"\t\t<div data-elementor-type=\"wp-page\" data-elementor-id=\"6488\" class=\"elementor elementor-6488 elementor-6052\" data-elementor-post-type=\"page\">\n\t\t\t\t<div class=\"elementor-element elementor-element-563367d e-flex e-con-boxed e-con e-parent\" data-id=\"563367d\" data-element_type=\"container\">\n\t\t\t\t\t<div class=\"e-con-inner\">\n\t\t\t\t<div class=\"elementor-element elementor-element-d202710 elementor-widget elementor-widget-heading\" data-id=\"d202710\" data-element_type=\"widget\" data-widget_type=\"heading.default\">\n\t\t\t\t\t<h1 class=\"elementor-heading-title elementor-size-default\">Pol\u00edtica de cookies<\/h1>\t\t\t\t<\/div>\n\t\t\t\t<div class=\"elementor-element elementor-element-692b73d elementor-widget elementor-widget-text-editor\" data-id=\"692b73d\" data-element_type=\"widget\" data-widget_type=\"text-editor.default\">\n\t\t\t\t\t\t\t\t\t<p>Una Cookie es un archivo que se descarga en su ordenador al acceder a determinadas p\u00e1ginas web. Las cookies permiten a una p\u00e1gina web, entre otras cosas, almacenar y recuperar informaci\u00f3n sobre los h\u00e1bitos de navegaci\u00f3n de un usuario o de su equipo y, dependiendo de la informaci\u00f3n que contengan y de la forma en que utilice su equipo, pueden utilizarse para reconocer al usuario.<\/p><p>Las cookies son esenciales para el funcionamiento de internet, aportando innumerables ventajas en la prestaci\u00f3n de servicios interactivos, facilit\u00e1ndole la navegaci\u00f3n y usabilidad de nuestra web.<\/p><p>La informaci\u00f3n que le proporcionamos a continuaci\u00f3n, le ayudar\u00e1 a comprender los diferentes tipos de cookies:<\/p><ol><li>SEG\u00daN LA ENTIDAD QUE LAS GESTIONE<ul><li>Cookies propias: Son aquellas que se recaban por el propio editor para prestar el servicio solicitado por el usuario.<\/li><li>Cookies de terceros: Son aquellas que son recogidas y gestionadas por un tercero, estas no se pueden considerar propias.<\/li><\/ul><\/li><li>SEG\u00daN EL PLAZO DE TIEMPO QUE PERMANEZCAN ACTIVADAS<ul><li>Cookies de sesi\u00f3n: Recogen datos mientras el usuario navega por la red con la finalidad de prestar el servicio solicitado.<\/li><li>Cookies persistentes: Se almacenan en el terminal y la informaci\u00f3n obtenida ser\u00e1 utilizada por el responsable de la cookie con la finalidad de prestar el servicio solicitado.<\/li><\/ul><\/li><li>SEG\u00daN LA FINALIDAD<ul><li>Cookies t\u00e9cnicas: Son las necesarias para la correcta navegaci\u00f3n por la web.<\/li><li>Cookies de personalizaci\u00f3n: Permiten al usuario las caracter\u00edsticas (idioma) para la navegaci\u00f3n por la web.<\/li><li>Cookies de an\u00e1lisis: Permiten al prestador el an\u00e1lisis vinculado a la navegaci\u00f3n realizada por el usuario, con la finalidad de llevar un seguimiento de uso de la p\u00e1gina web, as\u00ed como realizar estad\u00edsticas de los contenidos m\u00e1s visitados, n\u00famero de visitantes, etc.<\/li><li>Cookies publicitarias: Permiten al editor incluir en la web, espacios publicitarios, seg\u00fan el contenido de la propia web.<\/li><li>Cookies de publicidad comportamental: Permiten al editor incluir en la p\u00e1gina web espacios publicitarios seg\u00fan la informaci\u00f3n obtenida a trav\u00e9s de los h\u00e1bitos de navegaci\u00f3n del usuario.<\/li><\/ul><\/li><\/ol><p>Seg\u00fan lo dispuesto en el art\u00edculo 22.2 de la Ley 34\/2002, de 11 de julio, de Servicios de la Sociedad de la Informaci\u00f3n y de Comercio Electr\u00f3nico (LSSI-CE), PUNTAS SA informa de las cookies utilizadas en su website:<\/p><ul><li><strong>Google Analytics<\/strong>: Almacena cookies para poder elaborar estad\u00edsticas sobre el tr\u00e1fico y volumen de visitas de esta web. Al utilizar este sitio web est\u00e1 consintiendo el tratamiento de informaci\u00f3n sobre usted por Google. Por tanto, el ejercicio de cualquier derecho en este sentido deber\u00e1 hacerlo comunic\u00e1ndose directamente con Google.<\/li><\/ul><p>Las cookies de Google Analytics, se almacenan en servidores situados en Estados Unidos y se compromete a no compartirla con terceros, excepto en los casos en los que sea necesario para el funcionamiento del sistema o cuando la ley obligue a tal efecto. Seg\u00fan Google no guarda su direcci\u00f3n IP.<\/p><p>Google Inc. es una compa\u00f1\u00eda adherida a \u201cPrivacy Shield\u201d (escudo de privacidad) que garantiza que todos los datos transferidos ser\u00e1n tratados con un nivel de protecci\u00f3n acorde a la normativa europea. Puede consultar informaci\u00f3n detallada referente a esto a trav\u00e9s del siguiente enlace: <a href=\"https:\/\/support.google.com\/analytics\/answer\/6004245\">https:\/\/support.google.com\/analytics\/answer\/6004245<\/a><\/p><p>Si lo desea puede utilizar el Complemento de inhabilitaci\u00f3n para navegadores de Google Analytics a trav\u00e9s de cuyas instrucciones pueden rechazarse las cookies anal\u00edticas de este servicio en todos los navegadores. Puede consultar m\u00e1s informaci\u00f3n sobre este tema en el siguiente enlace: <a href=\"https:\/\/tools.google.com\/dlpage\/gaoptout\">https:\/\/tools.google.com\/dlpage\/gaoptout<\/a><\/p><p>Asimismo, PUNTAS SA informa al usuario que tiene la posibilidad de configurar su navegador de manera que se le informe de la recepci\u00f3n de cookies, pudiendo, si as\u00ed lo desea, impedir que sean instaladas en su disco duro.<\/p><p>A continuaci\u00f3n le proporcionamos los enlaces de varios navegadores, a trav\u00e9s de los cuales podr\u00e1 realizar esta configuraci\u00f3n:<\/p><ul><li>Firefox: <a href=\"https:\/\/support.mozilla.org\/es\/kb\/habilitar-y-deshabilitar-cookies-sitios-web-rastrear-preferencias?redirectlocale=es&amp;redirectslug=habilitar-y-deshabilitar-cookies-que-los-sitios-we\">https:\/\/support.mozilla.org\/es\/kb\/habilitar-y-deshabilitar-cookies-sitios-web-rastrear-preferencias?redirectlocale=es&amp;redirectslug=habilitar-y-deshabilitar-cookies-que-los-sitios-we<\/a><\/li><li>Chrome: <a href=\"https:\/\/support.google.com\/chrome\/answer\/95647?hl=es\">https:\/\/support.google.com\/chrome\/answer\/95647?hl=es<\/a><\/li><li>Explorer: <a href=\"https:\/\/support.microsoft.com\/es-es\/help\/17442\/windows-internet-explorer-delete-manage-cookies#ie=ie-10\">https:\/\/support.microsoft.com\/es-es\/help\/17442\/windows-internet-explorer-delete-manage-cookies#ie=ie-10<\/a><\/li><li>Safari: <a href=\"https:\/\/support.apple.com\/es-es\/guide\/safari\/sfri11471\/mac\">https:\/\/support.apple.com\/es-es\/guide\/safari\/sfri11471\/mac<\/a><\/li><li>Opera: <a href=\"https:\/\/help.opera.com\/en\/latest\/web-preferences\/#cookies\">https:\/\/help.opera.com\/en\/latest\/web-preferences\/#cookies<\/a><\/li><\/ul>\t\t\t\t\t\t\t\t<\/div>\n\t\t\t\t\t<\/div>\n\t\t\t\t<\/div>\n\t\t\t\t<\/div>\n\t\t","protected":false},"excerpt":{"rendered":"<p>Pol\u00edtica de cookies Una Cookie es un archivo que se descarga en su ordenador al acceder a determinadas p\u00e1ginas web. Las cookies permiten a una p\u00e1gina web, entre otras cosas, almacenar y recuperar informaci\u00f3n sobre los h\u00e1bitos de navegaci\u00f3n de un usuario o de su equipo y, dependiendo de la informaci\u00f3n que contengan y de [&hellip;]<\/p>\n","protected":false},"author":1,"featured_media":0,"parent":0,"menu_order":0,"comment_status":"closed","ping_status":"closed","template":"","meta":{"footnotes":""},"class_list":["post-6488","page","type-page","status-publish","hentry"],"yoast_head":"<!-- This site is optimized with the Yoast SEO plugin v26.0 - https:\/\/yoast.com\/wordpress\/plugins\/seo\/ -->\n<title>Pol\u00edtica de cookies - Trasters les Puntes<\/title>\n<meta name=\"description\" content=\"P\u00e1gina de la pol\u00edtica de cookies del sitio web de Trasters Les Puntes.\" \/>\n<meta name=\"robots\" content=\"index, follow, max-snippet:-1, max-image-preview:large, max-video-preview:-1\" \/>\n<link rel=\"canonical\" href=\"https:\/\/puntassa.com\/es\/politica-de-cookies\/\" \/>\n<meta property=\"og:locale\" content=\"es_ES\" \/>\n<meta property=\"og:type\" content=\"article\" \/>\n<meta property=\"og:title\" content=\"Pol\u00edtica de cookies - Trasters les Puntes\" \/>\n<meta property=\"og:description\" content=\"P\u00e1gina de la pol\u00edtica de cookies del sitio web de Trasters Les Puntes.\" \/>\n<meta property=\"og:url\" content=\"https:\/\/puntassa.com\/es\/politica-de-cookies\/\" \/>\n<meta property=\"og:site_name\" content=\"Trasters les Puntes\" \/>\n<meta property=\"article:modified_time\" content=\"2025-09-04T10:16:15+00:00\" \/>\n<meta property=\"og:image\" content=\"https:\/\/puntassa.com\/wp-content\/uploads\/2025\/08\/logo-header.png\" \/>\n\t<meta property=\"og:image:width\" content=\"217\" \/>\n\t<meta property=\"og:image:height\" content=\"59\" \/>\n\t<meta property=\"og:image:type\" content=\"image\/png\" \/>\n<meta name=\"twitter:card\" content=\"summary_large_image\" \/>\n<meta name=\"twitter:label1\" content=\"Tiempo de lectura\" \/>\n\t<meta name=\"twitter:data1\" content=\"3 minutos\" \/>\n<script type=\"application\/ld+json\" class=\"yoast-schema-graph\">{\"@context\":\"https:\/\/schema.org\",\"@graph\":[{\"@type\":\"WebPage\",\"@id\":\"https:\/\/puntassa.com\/es\/politica-de-cookies\/\",\"url\":\"https:\/\/puntassa.com\/es\/politica-de-cookies\/\",\"name\":\"Pol\u00edtica de cookies - Trasters les Puntes\",\"isPartOf\":{\"@id\":\"https:\/\/puntassa.com\/es\/#website\"},\"datePublished\":\"2025-08-26T15:06:30+00:00\",\"dateModified\":\"2025-09-04T10:16:15+00:00\",\"description\":\"P\u00e1gina de la pol\u00edtica de cookies del sitio web de Trasters Les Puntes.\",\"breadcrumb\":{\"@id\":\"https:\/\/puntassa.com\/es\/politica-de-cookies\/#breadcrumb\"},\"inLanguage\":\"es\",\"potentialAction\":[{\"@type\":\"ReadAction\",\"target\":[\"https:\/\/puntassa.com\/es\/politica-de-cookies\/\"]}]},{\"@type\":\"BreadcrumbList\",\"@id\":\"https:\/\/puntassa.com\/es\/politica-de-cookies\/#breadcrumb\",\"itemListElement\":[{\"@type\":\"ListItem\",\"position\":1,\"name\":\"Inici\",\"item\":\"https:\/\/puntassa.com\/es\/\"},{\"@type\":\"ListItem\",\"position\":2,\"name\":\"Pol\u00edtica de cookies\"}]},{\"@type\":\"WebSite\",\"@id\":\"https:\/\/puntassa.com\/es\/#website\",\"url\":\"https:\/\/puntassa.com\/es\/\",\"name\":\"Trasters Les Puntes\",\"description\":\"El teu espai\",\"publisher\":{\"@id\":\"https:\/\/puntassa.com\/es\/#organization\"},\"alternateName\":\"Trasters Les Puntes\",\"potentialAction\":[{\"@type\":\"SearchAction\",\"target\":{\"@type\":\"EntryPoint\",\"urlTemplate\":\"https:\/\/puntassa.com\/es\/?s={search_term_string}\"},\"query-input\":{\"@type\":\"PropertyValueSpecification\",\"valueRequired\":true,\"valueName\":\"search_term_string\"}}],\"inLanguage\":\"es\"},{\"@type\":\"Organization\",\"@id\":\"https:\/\/puntassa.com\/es\/#organization\",\"name\":\"Trasters Les Puntes\",\"alternateName\":\"Trasters Les Puntes\",\"url\":\"https:\/\/puntassa.com\/es\/\",\"logo\":{\"@type\":\"ImageObject\",\"inLanguage\":\"es\",\"@id\":\"https:\/\/puntassa.com\/es\/#\/schema\/logo\/image\/\",\"url\":\"https:\/\/puntassa.com\/wp-content\/uploads\/2025\/08\/logo-header.png\",\"contentUrl\":\"https:\/\/puntassa.com\/wp-content\/uploads\/2025\/08\/logo-header.png\",\"width\":217,\"height\":59,\"caption\":\"Trasters Les Puntes\"},\"image\":{\"@id\":\"https:\/\/puntassa.com\/es\/#\/schema\/logo\/image\/\"}}]}<\/script>\n<!-- \/ Yoast SEO plugin. -->","yoast_head_json":{"title":"Pol\u00edtica de cookies - Trasters les Puntes","description":"P\u00e1gina de la pol\u00edtica de cookies del sitio web de Trasters Les Puntes.","robots":{"index":"index","follow":"follow","max-snippet":"max-snippet:-1","max-image-preview":"max-image-preview:large","max-video-preview":"max-video-preview:-1"},"canonical":"https:\/\/puntassa.com\/es\/politica-de-cookies\/","og_locale":"es_ES","og_type":"article","og_title":"Pol\u00edtica de cookies - Trasters les Puntes","og_description":"P\u00e1gina de la pol\u00edtica de cookies del sitio web de Trasters Les Puntes.","og_url":"https:\/\/puntassa.com\/es\/politica-de-cookies\/","og_site_name":"Trasters les Puntes","article_modified_time":"2025-09-04T10:16:15+00:00","og_image":[{"width":217,"height":59,"url":"https:\/\/puntassa.com\/wp-content\/uploads\/2025\/08\/logo-header.png","type":"image\/png"}],"twitter_card":"summary_large_image","twitter_misc":{"Tiempo de lectura":"3 minutos"},"schema":{"@context":"https:\/\/schema.org","@graph":[{"@type":"WebPage","@id":"https:\/\/puntassa.com\/es\/politica-de-cookies\/","url":"https:\/\/puntassa.com\/es\/politica-de-cookies\/","name":"Pol\u00edtica de cookies - Trasters les Puntes","isPartOf":{"@id":"https:\/\/puntassa.com\/es\/#website"},"datePublished":"2025-08-26T15:06:30+00:00","dateModified":"2025-09-04T10:16:15+00:00","description":"P\u00e1gina de la pol\u00edtica de cookies del sitio web de Trasters Les Puntes.","breadcrumb":{"@id":"https:\/\/puntassa.com\/es\/politica-de-cookies\/#breadcrumb"},"inLanguage":"es","potentialAction":[{"@type":"ReadAction","target":["https:\/\/puntassa.com\/es\/politica-de-cookies\/"]}]},{"@type":"BreadcrumbList","@id":"https:\/\/puntassa.com\/es\/politica-de-cookies\/#breadcrumb","itemListElement":[{"@type":"ListItem","position":1,"name":"Inici","item":"https:\/\/puntassa.com\/es\/"},{"@type":"ListItem","position":2,"name":"Pol\u00edtica de cookies"}]},{"@type":"WebSite","@id":"https:\/\/puntassa.com\/es\/#website","url":"https:\/\/puntassa.com\/es\/","name":"Trasters Les Puntes","description":"El teu espai","publisher":{"@id":"https:\/\/puntassa.com\/es\/#organization"},"alternateName":"Trasters Les Puntes","potentialAction":[{"@type":"SearchAction","target":{"@type":"EntryPoint","urlTemplate":"https:\/\/puntassa.com\/es\/?s={search_term_string}"},"query-input":{"@type":"PropertyValueSpecification","valueRequired":true,"valueName":"search_term_string"}}],"inLanguage":"es"},{"@type":"Organization","@id":"https:\/\/puntassa.com\/es\/#organization","name":"Trasters Les Puntes","alternateName":"Trasters Les Puntes","url":"https:\/\/puntassa.com\/es\/","logo":{"@type":"ImageObject","inLanguage":"es","@id":"https:\/\/puntassa.com\/es\/#\/schema\/logo\/image\/","url":"https:\/\/puntassa.com\/wp-content\/uploads\/2025\/08\/logo-header.png","contentUrl":"https:\/\/puntassa.com\/wp-content\/uploads\/2025\/08\/logo-header.png","width":217,"height":59,"caption":"Trasters Les Puntes"},"image":{"@id":"https:\/\/puntassa.com\/es\/#\/schema\/logo\/image\/"}}]}},"_links":{"self":[{"href":"https:\/\/puntassa.com\/es\/wp-json\/wp\/v2\/pages\/6488","targetHints":{"allow":["GET"]}}],"collection":[{"href":"https:\/\/puntassa.com\/es\/wp-json\/wp\/v2\/pages"}],"about":[{"href":"https:\/\/puntassa.com\/es\/wp-json\/wp\/v2\/types\/page"}],"author":[{"embeddable":true,"href":"https:\/\/puntassa.com\/es\/wp-json\/wp\/v2\/users\/1"}],"replies":[{"embeddable":true,"href":"https:\/\/puntassa.com\/es\/wp-json\/wp\/v2\/comments?post=6488"}],"version-history":[{"count":4,"href":"https:\/\/puntassa.com\/es\/wp-json\/wp\/v2\/pages\/6488\/revisions"}],"predecessor-version":[{"id":6492,"href":"https:\/\/puntassa.com\/es\/wp-json\/wp\/v2\/pages\/6488\/revisions\/6492"}],"wp:attachment":[{"href":"https:\/\/puntassa.com\/es\/wp-json\/wp\/v2\/media?parent=6488"}],"curies":[{"name":"wp","href":"https:\/\/api.w.org\/{rel}","templated":true}]}}