{"id":6493,"date":"2025-08-26T17:04:45","date_gmt":"2025-08-26T15:04:45","guid":{"rendered":"https:\/\/puntassa.com\/politica-de-privacitat\/"},"modified":"2025-09-04T12:23:41","modified_gmt":"2025-09-04T10:23:41","slug":"politica-de-privacidad","status":"publish","type":"page","link":"https:\/\/puntassa.com\/es\/politica-de-privacidad\/","title":{"rendered":"Pol\u00edtica de privacidad"},"content":{"rendered":"\t\t<div data-elementor-type=\"wp-page\" data-elementor-id=\"6493\" class=\"elementor elementor-6493 elementor-6042\" data-elementor-post-type=\"page\">\n\t\t\t\t<div class=\"elementor-element elementor-element-0039a78 e-flex e-con-boxed e-con e-parent\" data-id=\"0039a78\" data-element_type=\"container\">\n\t\t\t\t\t<div class=\"e-con-inner\">\n\t\t\t\t<div class=\"elementor-element elementor-element-4f407ef elementor-widget elementor-widget-heading\" data-id=\"4f407ef\" data-element_type=\"widget\" data-widget_type=\"heading.default\">\n\t\t\t\t\t<h1 class=\"elementor-heading-title elementor-size-default\">Pol\u00edtica de privacidad<\/h1>\t\t\t\t<\/div>\n\t\t\t\t<div class=\"elementor-element elementor-element-a704948 elementor-widget elementor-widget-text-editor\" data-id=\"a704948\" data-element_type=\"widget\" data-widget_type=\"text-editor.default\">\n\t\t\t\t\t\t\t\t\t<p>De conformidad con lo establecido en la normativa vigente y aplicable en Protecci\u00f3n de Datos de Car\u00e1cter Personal (RGPD) y la Ley 34\/2002, de 11 de julio, de Servicios de la Sociedad de la Informaci\u00f3n y de Comercio Electr\u00f3nico (LSSI-CE), PUNTAS SA informa a los usuarios, que ha procedido a crear un perfil en las Redes Sociales Facebook, Twitter, Instagram, Linkedin, con la finalidad principal de publicitar sus productos y servicios.<\/p><p>Datos de PUNTAS SA:<\/p><p>CIF: A08565715<br \/>DIRECCI\u00d3N: C\/ Bernat de Cabrera 26 BX 08242 Manresa (Barcelona)<br \/>CORREO ELECTR\u00d3NICO: <a href=\"mailto:espaislespuntes@puntassa.com\">espaislespuntes@puntassa.com<\/a><\/p><p>El usuario dispone de un perfil en la misma Red Social y ha decidido unirse a la p\u00e1gina creada por PUNTAS SA, mostrando as\u00ed inter\u00e9s en la informaci\u00f3n que se publicite en la Red. Al unirse a nuestra p\u00e1gina, nos facilita su consentimiento para el tratamiento de aquellos datos personales publicados en su perfil.<\/p><p>El usuario puede acceder en todo momento a las pol\u00edticas de privacidad de la propia Red Social, as\u00ed como configurar su perfil para garantizar su privacidad.<\/p><p>PUNTAS SA tiene acceso y trata aquella informaci\u00f3n p\u00fablica del usuario, especialmente, su nombre de contacto. Estos datos, solo son utilizados dentro de la propia Red Social. No son incorporados a ning\u00fan sistema de tratamiento.<\/p><p>En relaci\u00f3n con los derechos de acceso, rectificaci\u00f3n, limitaci\u00f3n de tratamiento, supresi\u00f3n, portabilidad y oposici\u00f3n al tratamiento de sus datos de car\u00e1cter personal de los que usted dispone y que pueden ser ejercitados ante PUNTAS SA, de acuerdo con el RGPD, debe tener en cuenta los siguientes matices:<\/p><ul><li>Derecho de Acceso: Es el derecho del usuario a obtener informaci\u00f3n sobre sus datos concretos de car\u00e1cter personal y del tratamiento que se haya realizado o realice, as\u00ed como de la informaci\u00f3n disponible sobre el origen de dichos datos y las comunicaciones realizadas o previstas de estos.<\/li><li>Derecho de Rectificaci\u00f3n: Es el derecho del afectado a que se modifiquen los datos que resulten ser inexactos o incompletos. Solo podr\u00e1 satisfacerse en relaci\u00f3n con aquella informaci\u00f3n que se encuentre bajo el control de PUNTAS SA, por ejemplo, eliminar comentarios publicados en la propia p\u00e1gina, im\u00e1genes o contenidos web donde consten datos de car\u00e1cter personal del usuario.<\/li><li>Derecho a la Limitaci\u00f3n de tratamiento: Es el derecho a que se limiten las finalidades del tratamiento previstas de manera original por el responsable del tratamiento.<\/li><li>Derecho de Supresi\u00f3n: Es el derecho a suprimir los datos de car\u00e1cter personal del usuario, a excepci\u00f3n de lo previsto en el propio RGPD o en otras normativas aplicables que determinen la obligatoriedad de la conservaci\u00f3n de los mismos, dentro del plazo y en la forma adecuada.<\/li><li>Derecho de Portabilidad: El derecho a recibir los datos personales que el usuario haya facilitado, en un formato estructurado, de uso com\u00fan y lectura mec\u00e1nica, y a transmitirlos a otro responsable.<\/li><li>Derecho de Oposici\u00f3n: Es el derecho del usuario a que no se lleve a cabo el tratamiento de sus datos de car\u00e1cter personal o se cese el tratamiento de los mismos por parte de PUNTAS SA.<\/li><\/ul><p>PUNTAS SA realizar\u00e1 las siguientes actuaciones:<\/p><ul><li>Acceso a la informaci\u00f3n p\u00fablica del perfil.<\/li><li>Publicaci\u00f3n en el perfil del usuario de toda aquella informaci\u00f3n ya publicada en la p\u00e1gina de PUNTAS SA.<\/li><li>Enviar mensajes personales e individuales a trav\u00e9s de los canales de la Red Social.<\/li><li>Actualizaciones del estado de la p\u00e1gina que se publicar\u00e1n en el perfil del usuario.<\/li><\/ul><p>El usuario siempre puede controlar sus conexiones, eliminar los contenidos que dejen de interesarle y restringir con qui\u00e9n comparte sus conexiones, para ello deber\u00e1 acceder a su configuraci\u00f3n de privacidad.<\/p><p><strong>Publicaciones<\/strong><\/p><p>El usuario, una vez unido a la p\u00e1gina de PUNTAS SA, podr\u00e1 publicar en esta \u00faltima comentarios, enlaces, im\u00e1genes o fotograf\u00edas o cualquier otro tipo de contenido multimedia soportado por la Red Social. El usuario, en todos los casos, debe ser el titular de los mismos, gozar de los derechos de autor y de propiedad intelectual o contar con el consentimiento de los terceros afectados. Se proh\u00edbe expresamente cualquier publicaci\u00f3n en la p\u00e1gina, ya sean textos, gr\u00e1ficos, fotograf\u00edas, v\u00eddeos, etc. que atenten o sean susceptibles de atentar contra la moral, la \u00e9tica, el buen gusto o el decoro, y\/o que infrinjan, violen o infrinjan los derechos de propiedad intelectual o industrial, el derecho a la imagen o la Ley. En estos casos, PUNTAS SA se reserva el derecho a retirar inmediatamente el contenido, pudiendo solicitar el bloqueo permanente del usuario.<\/p><p>PUNTAS SA no se har\u00e1 responsable de los contenidos que libremente haya publicado un usuario.<\/p><p>El usuario debe tener presente que sus publicaciones ser\u00e1n conocidas por los dem\u00e1s usuarios, por lo que \u00e9l mismo es el principal responsable de su privacidad.<\/p><p>Las im\u00e1genes que puedan publicarse en la p\u00e1gina no ser\u00e1n almacenadas en ning\u00fan sistema de tratamiento por parte de PUNTAS SA, pero s\u00ed permanecer\u00e1n en la Red Social.<\/p><p><strong>Concursos y promociones<\/strong><\/p><p>PUNTAS SA se reserva el derecho a realizar concursos y promociones, en los que podr\u00e1 participar el usuario unido a su p\u00e1gina. Las bases de cada uno de ellos, cuando se utilice para ello la plataforma de la Red Social, ser\u00e1n publicadas en esta. Cumpliendo siempre con la LSSI-CE y con cualquier otra norma que le sea aplicable.<\/p><p>La Red Social no patrocina, avala ni administra, de ninguna manera, ninguna de nuestras promociones, ni est\u00e1 asociada.<\/p><p><strong>Publicidad<\/strong><\/p><p>PUNTAS SA utilizar\u00e1 la Red Social para publicitar sus productos y servicios, en todo caso, si decide tratar sus datos de contacto para realizar acciones directas de prospecci\u00f3n comercial, ser\u00e1 siempre, cumpliendo con las exigencias legales del RGPD y de la LSSI-CE.<\/p><p>No se considerar\u00e1 publicidad el hecho de recomendar a otros usuarios la p\u00e1gina de PUNTAS SA para que tambi\u00e9n ellos puedan disfrutar de las promociones o estar informados de su actividad.<\/p><p>A continuaci\u00f3n detallamos el enlace a la pol\u00edtica de privacidad de la Red Social:<\/p><ul><li>Facebook: <a href=\"https:\/\/www.facebook.com\/help\/323540651073243\/\">https:\/\/www.facebook.com\/help\/323540651073243\/<\/a><\/li><li>Twitter:\u00a0<a href=\"https:\/\/twitter.com\/privacy\">https:\/\/twitter.com\/privacy<\/a><\/li><li>Instagram:\u00a0<a href=\"http:\/\/instagram.com\/about\/legal\/privacy\/\">http:\/\/instagram.com\/about\/legal\/privacy\/<\/a><\/li><li>Linkedin:\u00a0<a href=\"http:\/\/www.linkedin.com\/legal\/privacy-policy?trk=hb_ft_priv\">http:\/\/www.linkedin.com\/legal\/privacy-policy?trk=hb_ft_priv<\/a><\/li><\/ul>\t\t\t\t\t\t\t\t<\/div>\n\t\t\t\t\t<\/div>\n\t\t\t\t<\/div>\n\t\t\t\t<\/div>\n\t\t","protected":false},"excerpt":{"rendered":"<p>Pol\u00edtica de privacidad De conformidad con lo establecido en la normativa vigente y aplicable en Protecci\u00f3n de Datos de Car\u00e1cter Personal (RGPD) y la Ley 34\/2002, de 11 de julio, de Servicios de la Sociedad de la Informaci\u00f3n y de Comercio Electr\u00f3nico (LSSI-CE), PUNTAS SA informa a los usuarios, que ha procedido a crear un [&hellip;]<\/p>\n","protected":false},"author":1,"featured_media":0,"parent":0,"menu_order":0,"comment_status":"closed","ping_status":"closed","template":"","meta":{"footnotes":""},"class_list":["post-6493","page","type-page","status-publish","hentry"],"yoast_head":"<!-- This site is optimized with the Yoast SEO plugin v26.0 - https:\/\/yoast.com\/wordpress\/plugins\/seo\/ -->\n<title>Pol\u00edtica de privacidad - Trasters les Puntes<\/title>\n<meta name=\"description\" content=\"P\u00e1gina de la pol\u00edtica de privacidad del sitio web de Trasters Les Puntes.\" \/>\n<meta name=\"robots\" content=\"index, follow, max-snippet:-1, max-image-preview:large, max-video-preview:-1\" \/>\n<link rel=\"canonical\" href=\"https:\/\/puntassa.com\/es\/politica-de-privacidad\/\" \/>\n<meta property=\"og:locale\" content=\"es_ES\" \/>\n<meta property=\"og:type\" content=\"article\" \/>\n<meta property=\"og:title\" content=\"Pol\u00edtica de privacidad - Trasters les Puntes\" \/>\n<meta property=\"og:description\" content=\"P\u00e1gina de la pol\u00edtica de privacidad del sitio web de Trasters Les Puntes.\" \/>\n<meta property=\"og:url\" content=\"https:\/\/puntassa.com\/es\/politica-de-privacidad\/\" \/>\n<meta property=\"og:site_name\" content=\"Trasters les Puntes\" \/>\n<meta property=\"article:modified_time\" content=\"2025-09-04T10:23:41+00:00\" \/>\n<meta property=\"og:image\" content=\"https:\/\/puntassa.com\/wp-content\/uploads\/2025\/08\/logo-header.png\" \/>\n\t<meta property=\"og:image:width\" content=\"217\" \/>\n\t<meta property=\"og:image:height\" content=\"59\" \/>\n\t<meta property=\"og:image:type\" content=\"image\/png\" \/>\n<meta name=\"twitter:card\" content=\"summary_large_image\" \/>\n<meta name=\"twitter:label1\" content=\"Tiempo de lectura\" \/>\n\t<meta name=\"twitter:data1\" content=\"5 minutos\" \/>\n<script type=\"application\/ld+json\" class=\"yoast-schema-graph\">{\"@context\":\"https:\/\/schema.org\",\"@graph\":[{\"@type\":\"WebPage\",\"@id\":\"https:\/\/puntassa.com\/es\/politica-de-privacidad\/\",\"url\":\"https:\/\/puntassa.com\/es\/politica-de-privacidad\/\",\"name\":\"Pol\u00edtica de privacidad - Trasters les Puntes\",\"isPartOf\":{\"@id\":\"https:\/\/puntassa.com\/es\/#website\"},\"datePublished\":\"2025-08-26T15:04:45+00:00\",\"dateModified\":\"2025-09-04T10:23:41+00:00\",\"description\":\"P\u00e1gina de la pol\u00edtica de privacidad del sitio web de Trasters Les Puntes.\",\"breadcrumb\":{\"@id\":\"https:\/\/puntassa.com\/es\/politica-de-privacidad\/#breadcrumb\"},\"inLanguage\":\"es\",\"potentialAction\":[{\"@type\":\"ReadAction\",\"target\":[\"https:\/\/puntassa.com\/es\/politica-de-privacidad\/\"]}]},{\"@type\":\"BreadcrumbList\",\"@id\":\"https:\/\/puntassa.com\/es\/politica-de-privacidad\/#breadcrumb\",\"itemListElement\":[{\"@type\":\"ListItem\",\"position\":1,\"name\":\"Inici\",\"item\":\"https:\/\/puntassa.com\/es\/\"},{\"@type\":\"ListItem\",\"position\":2,\"name\":\"Pol\u00edtica de privacidad\"}]},{\"@type\":\"WebSite\",\"@id\":\"https:\/\/puntassa.com\/es\/#website\",\"url\":\"https:\/\/puntassa.com\/es\/\",\"name\":\"Trasters Les Puntes\",\"description\":\"El teu espai\",\"publisher\":{\"@id\":\"https:\/\/puntassa.com\/es\/#organization\"},\"alternateName\":\"Trasters Les Puntes\",\"potentialAction\":[{\"@type\":\"SearchAction\",\"target\":{\"@type\":\"EntryPoint\",\"urlTemplate\":\"https:\/\/puntassa.com\/es\/?s={search_term_string}\"},\"query-input\":{\"@type\":\"PropertyValueSpecification\",\"valueRequired\":true,\"valueName\":\"search_term_string\"}}],\"inLanguage\":\"es\"},{\"@type\":\"Organization\",\"@id\":\"https:\/\/puntassa.com\/es\/#organization\",\"name\":\"Trasters Les Puntes\",\"alternateName\":\"Trasters Les Puntes\",\"url\":\"https:\/\/puntassa.com\/es\/\",\"logo\":{\"@type\":\"ImageObject\",\"inLanguage\":\"es\",\"@id\":\"https:\/\/puntassa.com\/es\/#\/schema\/logo\/image\/\",\"url\":\"https:\/\/puntassa.com\/wp-content\/uploads\/2025\/08\/logo-header.png\",\"contentUrl\":\"https:\/\/puntassa.com\/wp-content\/uploads\/2025\/08\/logo-header.png\",\"width\":217,\"height\":59,\"caption\":\"Trasters Les Puntes\"},\"image\":{\"@id\":\"https:\/\/puntassa.com\/es\/#\/schema\/logo\/image\/\"}}]}<\/script>\n<!-- \/ Yoast SEO plugin. -->","yoast_head_json":{"title":"Pol\u00edtica de privacidad - Trasters les Puntes","description":"P\u00e1gina de la pol\u00edtica de privacidad del sitio web de Trasters Les Puntes.","robots":{"index":"index","follow":"follow","max-snippet":"max-snippet:-1","max-image-preview":"max-image-preview:large","max-video-preview":"max-video-preview:-1"},"canonical":"https:\/\/puntassa.com\/es\/politica-de-privacidad\/","og_locale":"es_ES","og_type":"article","og_title":"Pol\u00edtica de privacidad - Trasters les Puntes","og_description":"P\u00e1gina de la pol\u00edtica de privacidad del sitio web de Trasters Les Puntes.","og_url":"https:\/\/puntassa.com\/es\/politica-de-privacidad\/","og_site_name":"Trasters les Puntes","article_modified_time":"2025-09-04T10:23:41+00:00","og_image":[{"width":217,"height":59,"url":"https:\/\/puntassa.com\/wp-content\/uploads\/2025\/08\/logo-header.png","type":"image\/png"}],"twitter_card":"summary_large_image","twitter_misc":{"Tiempo de lectura":"5 minutos"},"schema":{"@context":"https:\/\/schema.org","@graph":[{"@type":"WebPage","@id":"https:\/\/puntassa.com\/es\/politica-de-privacidad\/","url":"https:\/\/puntassa.com\/es\/politica-de-privacidad\/","name":"Pol\u00edtica de privacidad - Trasters les Puntes","isPartOf":{"@id":"https:\/\/puntassa.com\/es\/#website"},"datePublished":"2025-08-26T15:04:45+00:00","dateModified":"2025-09-04T10:23:41+00:00","description":"P\u00e1gina de la pol\u00edtica de privacidad del sitio web de Trasters Les Puntes.","breadcrumb":{"@id":"https:\/\/puntassa.com\/es\/politica-de-privacidad\/#breadcrumb"},"inLanguage":"es","potentialAction":[{"@type":"ReadAction","target":["https:\/\/puntassa.com\/es\/politica-de-privacidad\/"]}]},{"@type":"BreadcrumbList","@id":"https:\/\/puntassa.com\/es\/politica-de-privacidad\/#breadcrumb","itemListElement":[{"@type":"ListItem","position":1,"name":"Inici","item":"https:\/\/puntassa.com\/es\/"},{"@type":"ListItem","position":2,"name":"Pol\u00edtica de privacidad"}]},{"@type":"WebSite","@id":"https:\/\/puntassa.com\/es\/#website","url":"https:\/\/puntassa.com\/es\/","name":"Trasters Les Puntes","description":"El teu espai","publisher":{"@id":"https:\/\/puntassa.com\/es\/#organization"},"alternateName":"Trasters Les Puntes","potentialAction":[{"@type":"SearchAction","target":{"@type":"EntryPoint","urlTemplate":"https:\/\/puntassa.com\/es\/?s={search_term_string}"},"query-input":{"@type":"PropertyValueSpecification","valueRequired":true,"valueName":"search_term_string"}}],"inLanguage":"es"},{"@type":"Organization","@id":"https:\/\/puntassa.com\/es\/#organization","name":"Trasters Les Puntes","alternateName":"Trasters Les Puntes","url":"https:\/\/puntassa.com\/es\/","logo":{"@type":"ImageObject","inLanguage":"es","@id":"https:\/\/puntassa.com\/es\/#\/schema\/logo\/image\/","url":"https:\/\/puntassa.com\/wp-content\/uploads\/2025\/08\/logo-header.png","contentUrl":"https:\/\/puntassa.com\/wp-content\/uploads\/2025\/08\/logo-header.png","width":217,"height":59,"caption":"Trasters Les Puntes"},"image":{"@id":"https:\/\/puntassa.com\/es\/#\/schema\/logo\/image\/"}}]}},"_links":{"self":[{"href":"https:\/\/puntassa.com\/es\/wp-json\/wp\/v2\/pages\/6493","targetHints":{"allow":["GET"]}}],"collection":[{"href":"https:\/\/puntassa.com\/es\/wp-json\/wp\/v2\/pages"}],"about":[{"href":"https:\/\/puntassa.com\/es\/wp-json\/wp\/v2\/types\/page"}],"author":[{"embeddable":true,"href":"https:\/\/puntassa.com\/es\/wp-json\/wp\/v2\/users\/1"}],"replies":[{"embeddable":true,"href":"https:\/\/puntassa.com\/es\/wp-json\/wp\/v2\/comments?post=6493"}],"version-history":[{"count":4,"href":"https:\/\/puntassa.com\/es\/wp-json\/wp\/v2\/pages\/6493\/revisions"}],"predecessor-version":[{"id":6497,"href":"https:\/\/puntassa.com\/es\/wp-json\/wp\/v2\/pages\/6493\/revisions\/6497"}],"wp:attachment":[{"href":"https:\/\/puntassa.com\/es\/wp-json\/wp\/v2\/media?parent=6493"}],"curies":[{"name":"wp","href":"https:\/\/api.w.org\/{rel}","templated":true}]}}